{"id":96,"date":"2016-12-23T10:41:34","date_gmt":"2016-12-23T10:41:34","guid":{"rendered":"https:\/\/creditours.com\/?page_id=96"},"modified":"2024-11-03T04:45:50","modified_gmt":"2024-11-03T04:45:50","slug":"travel","status":"publish","type":"page","link":"https:\/\/creditours.com\/index.php\/travel\/","title":{"rendered":"Travel"},"content":{"rendered":"<div class=\"wpb-content-wrapper\"><p>[vc_row el_class=\u00bbservices_2&#8243;][vc_column]<div class=\"sc_services sc_services_default\" data-slides-per-view=\"3\" data-slides-min-width=\"200\"\t\t>\n\t\t<h6 class=\"sc_item_subtitle sc_services_subtitle sc_align_left sc_item_title_style_default\">Encuentra tu tour<\/h6><h3 class=\"sc_item_title sc_services_title sc_align_left sc_item_title_style_default sc_item_title_tag\">Elige tu destino<\/h3><div class=\"sc_services_columns sc_item_columns sc_item_columns_3 trx_addons_columns_wrap columns_padding_bottom\"><div class=\"trx_addons_column-1_3\"><div class=\"sc_services_item with_content with_image sc_services_item_featured_top\">\n\t<div class=\"post_featured with_thumb hover_dots sc_services_item_thumb\"><img loading=\"lazy\" decoding=\"async\" width=\"740\" height=\"402\" src=\"https:\/\/creditours.com\/wp-content\/uploads\/2016\/12\/Cancun-compressed-740x402.jpg\" class=\"attachment-unitravel-thumb-blogger size-unitravel-thumb-blogger wp-post-image\" alt=\"Canc\u00fan\" \/><div class=\"mask\"><\/div><a href=\"https:\/\/creditours.com\/index.php\/services\/colombia\/\" aria-hidden=\"true\" class=\"icons\"><span><\/span><span><\/span><span><\/span><\/a><\/div>\t\n\t<div class=\"sc_services_item_info\">\n\t\t<div class=\"sc_services_item_header\">\n\t\t\t<h4 class=\"sc_services_item_title\"><a href=\"https:\/\/creditours.com\/index.php\/services\/colombia\/\">Canc\u00fan<\/a><\/h4>\n\t\t\t<div class=\"sc_services_item_subtitle\"><\/div>\n\t\t<\/div>\n\t\t\t\t\t<div class=\"sc_services_item_content\"><p>Famoso por sus playas de arena blanca y aguas turquesas, Canc\u00fan es un para\u00edso para los amantes del sol y la diversi\u00f3n. Ofrece una vibrante vida nocturna, lujosos resorts y acceso a las impresionantes ruinas mayas de Tulum y Chich\u00e9n Itz\u00e1.<\/p>\n<\/div>\n\t\t\t<div class=\"sc_services_item_button sc_item_button\"><a href=\"https:\/\/creditours.com\/index.php\/services\/colombia\/\" class=\"sc_button\">Learn more<\/a><\/div>\n\t\t\t<\/div>\n<\/div>\n<\/div><div class=\"trx_addons_column-1_3\"><div class=\"sc_services_item with_content with_image sc_services_item_featured_top\">\n\t<div class=\"post_featured with_thumb hover_dots sc_services_item_thumb\"><img loading=\"lazy\" decoding=\"async\" width=\"740\" height=\"402\" src=\"https:\/\/creditours.com\/wp-content\/uploads\/2016\/12\/cabo-destination-guide-740x402.jpg\" class=\"attachment-unitravel-thumb-blogger size-unitravel-thumb-blogger wp-post-image\" alt=\"Los Cabos\" \/><div class=\"mask\"><\/div><a href=\"https:\/\/creditours.com\/index.php\/services\/argentina\/\" aria-hidden=\"true\" class=\"icons\"><span><\/span><span><\/span><span><\/span><\/a><\/div>\t\n\t<div class=\"sc_services_item_info\">\n\t\t<div class=\"sc_services_item_header\">\n\t\t\t<h4 class=\"sc_services_item_title\"><a href=\"https:\/\/creditours.com\/index.php\/services\/argentina\/\">Los Cabos<\/a><\/h4>\n\t\t\t<div class=\"sc_services_item_subtitle\"><\/div>\n\t\t<\/div>\n\t\t\t\t\t<div class=\"sc_services_item_content\"><p>Ubicado en la punta de la pen\u00ednsula de Baja California, Los Cabos es ideal para quienes buscan una mezcla de relajaci\u00f3n y aventura. Disfruta de sus hermosas playas, campos de golf y actividades como el avistamiento de ballenas.<\/p>\n<\/div>\n\t\t\t<div class=\"sc_services_item_button sc_item_button\"><a href=\"https:\/\/creditours.com\/index.php\/services\/argentina\/\" class=\"sc_button\">Learn more<\/a><\/div>\n\t\t\t<\/div>\n<\/div>\n<\/div><div class=\"trx_addons_column-1_3\"><div class=\"sc_services_item with_content with_image sc_services_item_featured_top\">\n\t<div class=\"post_featured with_thumb hover_dots sc_services_item_thumb\"><img loading=\"lazy\" decoding=\"async\" width=\"740\" height=\"402\" src=\"https:\/\/creditours.com\/wp-content\/uploads\/2016\/12\/Tulum-Ruins-7-740x402.jpg\" class=\"attachment-unitravel-thumb-blogger size-unitravel-thumb-blogger wp-post-image\" alt=\"Tulum\" \/><div class=\"mask\"><\/div><a href=\"https:\/\/creditours.com\/index.php\/services\/vietnam\/\" aria-hidden=\"true\" class=\"icons\"><span><\/span><span><\/span><span><\/span><\/a><\/div>\t\n\t<div class=\"sc_services_item_info\">\n\t\t<div class=\"sc_services_item_header\">\n\t\t\t<h4 class=\"sc_services_item_title\"><a href=\"https:\/\/creditours.com\/index.php\/services\/vietnam\/\">Tulum<\/a><\/h4>\n\t\t\t<div class=\"sc_services_item_subtitle\"><\/div>\n\t\t<\/div>\n\t\t\t\t\t<div class=\"sc_services_item_content\"><p>Conocido por sus impresionantes ruinas mayas frente al mar Caribe, Tulum es un destino ideal para quienes buscan un ambiente bohemio y relajado. Sus playas v\u00edrgenes y cenotes hacen de este lugar un para\u00edso natural.<\/p>\n<\/div>\n\t\t\t<div class=\"sc_services_item_button sc_item_button\"><a href=\"https:\/\/creditours.com\/index.php\/services\/vietnam\/\" class=\"sc_button\">Learn more<\/a><\/div>\n\t\t\t<\/div>\n<\/div>\n<\/div><\/div><div class=\"sc_item_button sc_item_button_default sc_services_button sc_align_left sc_button_wrap\"><a href=\"\/about-us\/\" id=\"sc_button_135817719\" class=\"sc_button sc_button_default sc_button_size_normal sc_button_icon_left\"><span class=\"sc_button_text\"><span class=\"sc_button_title\">Learn More About Us<\/span><\/span><!-- \/.sc_button_text --><\/a><!-- \/.sc_button --><\/div><!-- \/.sc_item_button sc_item_button_default sc_services_button sc_align_left --><\/div><!-- \/.sc_services -->[\/vc_column][\/vc_row][vc_row full_width=\u00bbstretch_row\u00bb css=\u00bb.vc_custom_1486295131601{padding-top: 6.9rem !important;padding-bottom: 7.2rem !important;background-image: url(https:\/\/creditours.com\/wp-content\/uploads\/2016\/12\/background-9.jpg?id=301) !important;background-position: center !important;background-repeat: no-repeat !important;background-size: cover !important;}\u00bb el_class=\u00bbteam_3&#8243;][vc_column][\/vc_column][\/vc_row]<\/p>\n<\/div>","protected":false},"excerpt":{"rendered":"<p>[vc_row el_class=\u00bbservices_2&#8243;][vc_column][\/vc_column][\/vc_row][vc_row full_width=\u00bbstretch_row\u00bb css=\u00bb.vc_custom_1486295131601{padding-top: 6.9rem !important;padding-bottom: 7.2rem !important;background-image: url(https:\/\/creditours.com\/wp-content\/uploads\/2016\/12\/background-9.jpg?id=301) !important;background-position: center !important;background-repeat: no-repeat !important;background-size: cover !important;}\u00bb el_class=\u00bbteam_3&#8243;][vc_column][\/vc_column][\/vc_row]<\/p>\n","protected":false},"author":1,"featured_media":0,"parent":0,"menu_order":0,"comment_status":"closed","ping_status":"closed","template":"","meta":{"footnotes":""},"class_list":["post-96","page","type-page","status-publish","hentry"],"yoast_head":"<!-- This site is optimized with the Yoast SEO plugin v23.6 - https:\/\/yoast.com\/wordpress\/plugins\/seo\/ -->\n<title>Travel - Creditours<\/title>\n<meta name=\"robots\" content=\"index, follow, max-snippet:-1, max-image-preview:large, max-video-preview:-1\" \/>\n<link rel=\"canonical\" href=\"https:\/\/creditours.com\/index.php\/travel\/\" \/>\n<meta property=\"og:locale\" content=\"es_ES\" \/>\n<meta property=\"og:type\" content=\"article\" \/>\n<meta property=\"og:title\" content=\"Travel - Creditours\" \/>\n<meta property=\"og:description\" content=\"[vc_row el_class=\u00bbservices_2&#8243;][vc_column][\/vc_column][\/vc_row][vc_row full_width=\u00bbstretch_row\u00bb css=\u00bb.vc_custom_1486295131601{padding-top: 6.9rem !important;padding-bottom: 7.2rem !important;background-image: url(https:\/\/creditours.com\/wp-content\/uploads\/2016\/12\/background-9.jpg?id=301) !important;background-position: center !important;background-repeat: no-repeat !important;background-size: cover !important;}\u00bb el_class=\u00bbteam_3&#8243;][vc_column][\/vc_column][\/vc_row]\" \/>\n<meta property=\"og:url\" content=\"https:\/\/creditours.com\/index.php\/travel\/\" \/>\n<meta property=\"og:site_name\" content=\"Creditours\" \/>\n<meta property=\"article:modified_time\" content=\"2024-11-03T04:45:50+00:00\" \/>\n<meta name=\"twitter:card\" content=\"summary_large_image\" \/>\n<meta name=\"twitter:label1\" content=\"Tiempo de lectura\" \/>\n\t<meta name=\"twitter:data1\" content=\"1 minuto\" \/>\n<script type=\"application\/ld+json\" class=\"yoast-schema-graph\">{\"@context\":\"https:\/\/schema.org\",\"@graph\":[{\"@type\":\"WebPage\",\"@id\":\"https:\/\/creditours.com\/index.php\/travel\/\",\"url\":\"https:\/\/creditours.com\/index.php\/travel\/\",\"name\":\"Travel - Creditours\",\"isPartOf\":{\"@id\":\"https:\/\/creditours.com\/#website\"},\"datePublished\":\"2016-12-23T10:41:34+00:00\",\"dateModified\":\"2024-11-03T04:45:50+00:00\",\"breadcrumb\":{\"@id\":\"https:\/\/creditours.com\/index.php\/travel\/#breadcrumb\"},\"inLanguage\":\"es\",\"potentialAction\":[{\"@type\":\"ReadAction\",\"target\":[\"https:\/\/creditours.com\/index.php\/travel\/\"]}]},{\"@type\":\"BreadcrumbList\",\"@id\":\"https:\/\/creditours.com\/index.php\/travel\/#breadcrumb\",\"itemListElement\":[{\"@type\":\"ListItem\",\"position\":1,\"name\":\"Portada\",\"item\":\"https:\/\/creditours.com\/\"},{\"@type\":\"ListItem\",\"position\":2,\"name\":\"Travel\"}]},{\"@type\":\"WebSite\",\"@id\":\"https:\/\/creditours.com\/#website\",\"url\":\"https:\/\/creditours.com\/\",\"name\":\"Creditours\",\"description\":\"Cualquiera puede viajar\",\"potentialAction\":[{\"@type\":\"SearchAction\",\"target\":{\"@type\":\"EntryPoint\",\"urlTemplate\":\"https:\/\/creditours.com\/?s={search_term_string}\"},\"query-input\":{\"@type\":\"PropertyValueSpecification\",\"valueRequired\":true,\"valueName\":\"search_term_string\"}}],\"inLanguage\":\"es\"}]}<\/script>\n<!-- \/ Yoast SEO plugin. -->","yoast_head_json":{"title":"Travel - Creditours","robots":{"index":"index","follow":"follow","max-snippet":"max-snippet:-1","max-image-preview":"max-image-preview:large","max-video-preview":"max-video-preview:-1"},"canonical":"https:\/\/creditours.com\/index.php\/travel\/","og_locale":"es_ES","og_type":"article","og_title":"Travel - Creditours","og_description":"[vc_row el_class=\u00bbservices_2&#8243;][vc_column][\/vc_column][\/vc_row][vc_row full_width=\u00bbstretch_row\u00bb css=\u00bb.vc_custom_1486295131601{padding-top: 6.9rem !important;padding-bottom: 7.2rem !important;background-image: url(https:\/\/creditours.com\/wp-content\/uploads\/2016\/12\/background-9.jpg?id=301) !important;background-position: center !important;background-repeat: no-repeat !important;background-size: cover !important;}\u00bb el_class=\u00bbteam_3&#8243;][vc_column][\/vc_column][\/vc_row]","og_url":"https:\/\/creditours.com\/index.php\/travel\/","og_site_name":"Creditours","article_modified_time":"2024-11-03T04:45:50+00:00","twitter_card":"summary_large_image","twitter_misc":{"Tiempo de lectura":"1 minuto"},"schema":{"@context":"https:\/\/schema.org","@graph":[{"@type":"WebPage","@id":"https:\/\/creditours.com\/index.php\/travel\/","url":"https:\/\/creditours.com\/index.php\/travel\/","name":"Travel - Creditours","isPartOf":{"@id":"https:\/\/creditours.com\/#website"},"datePublished":"2016-12-23T10:41:34+00:00","dateModified":"2024-11-03T04:45:50+00:00","breadcrumb":{"@id":"https:\/\/creditours.com\/index.php\/travel\/#breadcrumb"},"inLanguage":"es","potentialAction":[{"@type":"ReadAction","target":["https:\/\/creditours.com\/index.php\/travel\/"]}]},{"@type":"BreadcrumbList","@id":"https:\/\/creditours.com\/index.php\/travel\/#breadcrumb","itemListElement":[{"@type":"ListItem","position":1,"name":"Portada","item":"https:\/\/creditours.com\/"},{"@type":"ListItem","position":2,"name":"Travel"}]},{"@type":"WebSite","@id":"https:\/\/creditours.com\/#website","url":"https:\/\/creditours.com\/","name":"Creditours","description":"Cualquiera puede viajar","potentialAction":[{"@type":"SearchAction","target":{"@type":"EntryPoint","urlTemplate":"https:\/\/creditours.com\/?s={search_term_string}"},"query-input":{"@type":"PropertyValueSpecification","valueRequired":true,"valueName":"search_term_string"}}],"inLanguage":"es"}]}},"_links":{"self":[{"href":"https:\/\/creditours.com\/index.php\/wp-json\/wp\/v2\/pages\/96","targetHints":{"allow":["GET"]}}],"collection":[{"href":"https:\/\/creditours.com\/index.php\/wp-json\/wp\/v2\/pages"}],"about":[{"href":"https:\/\/creditours.com\/index.php\/wp-json\/wp\/v2\/types\/page"}],"author":[{"embeddable":true,"href":"https:\/\/creditours.com\/index.php\/wp-json\/wp\/v2\/users\/1"}],"replies":[{"embeddable":true,"href":"https:\/\/creditours.com\/index.php\/wp-json\/wp\/v2\/comments?post=96"}],"version-history":[{"count":1,"href":"https:\/\/creditours.com\/index.php\/wp-json\/wp\/v2\/pages\/96\/revisions"}],"predecessor-version":[{"id":1243,"href":"https:\/\/creditours.com\/index.php\/wp-json\/wp\/v2\/pages\/96\/revisions\/1243"}],"wp:attachment":[{"href":"https:\/\/creditours.com\/index.php\/wp-json\/wp\/v2\/media?parent=96"}],"curies":[{"name":"wp","href":"https:\/\/api.w.org\/{rel}","templated":true}]}}