{"id":306,"date":"2017-01-05T14:18:52","date_gmt":"2017-01-05T14:18:52","guid":{"rendered":"https:\/\/creditours.com\/?page_id=306"},"modified":"2024-07-30T13:56:23","modified_gmt":"2024-07-30T13:56:23","slug":"about","status":"publish","type":"page","link":"https:\/\/creditours.com\/index.php\/about\/","title":{"rendered":"About"},"content":{"rendered":"<div class=\"wpb-content-wrapper\"><p>[vc_row full_width=\u00bbstretch_row\u00bb css=\u00bb.vc_custom_1486209410379{padding-top: 8.45rem !important;padding-bottom: 3rem !important;background-image: url(https:\/\/creditours.com\/wp-content\/uploads\/2017\/01\/about_2_bg.png?id=464) !important;background-position: center !important;background-repeat: no-repeat !important;background-size: cover !important;}\u00bb el_class=\u00bbabout_2&#8243;][vc_column]<div  id=\"sc_promo_1917617562\" \n\tclass=\"sc_promo sc_promo_default sc_promo_size_normal sc_promo_image_position_left\"><div class=\"sc_promo_image\" style=\"background-image:url(https:\/\/creditours.com\/wp-content\/uploads\/2017\/01\/about_2_img.jpg);width:50%;left: 0;\"><div class=\"sc_promo_banner_wrap\"><div class=\"sc_promo_banner\">choice<i>of the year!<\/i><\/div><\/div> <\/div><div class=\"sc_promo_text\" style=\"width: 50%;float: right;\">\n\t\t\t<div class=\"sc_promo_text_inner\" style=\"\"><h6 class=\"sc_item_subtitle sc_promo_subtitle sc_align_left sc_item_title_style_default\">Why Choose Us<\/h6><h1 class=\"sc_item_title sc_promo_title sc_align_left sc_item_title_style_default sc_item_title_tag\">our benefits<\/h1><div class=\"sc_item_descr sc_promo_descr sc_align_left sc_item_title_style_default\">We have over 30 years experience of organising worldwide travel and we have over 10 experts who have all been there and done it. We can justifiably claim that we never recommend something we haven\u2019t actually experienced.<\/div><div class=\"sc_promo_content sc_item_content\">[vc_row_inner][vc_column_inner width=\u00bb1\/2&#8243;][vc_column_text]<\/p>\n<ul class=\"trx_addons_list_success_circled\">\n<li>Lorem ipsum dolor sit amet<\/li>\n<li>consectetuer adipiscing<\/li>\n<li>elit sed diam nonummy nibh<\/li>\n<\/ul>\n<p>[\/vc_column_text][\/vc_column_inner][vc_column_inner width=\u00bb1\/2&#8243;][vc_column_text]<\/p>\n<ul class=\"trx_addons_list_success_circled\">\n<li>Lorem ipsum dolor sit amet<\/li>\n<li>consectetuer adipiscing<\/li>\n<li>elit sed diam nonummy nibh<\/li>\n<\/ul>\n<p>[\/vc_column_text][\/vc_column_inner][\/vc_row_inner]<\/div><div class=\"sc_item_button sc_item_button_default sc_promo_button sc_align_left sc_button_wrap\"><a href=\"\/appointments\/\" id=\"sc_button_1946921999\" class=\"sc_button sc_button_default sc_button_size_normal sc_button_icon_left\"><span class=\"sc_button_text\"><span class=\"sc_button_title\">Book Your Travel<\/span><\/span><!-- \/.sc_button_text --><\/a><!-- \/.sc_button --><\/div><!-- \/.sc_item_button sc_item_button_default sc_promo_button sc_align_left --><\/div>\n\t\t<\/div><!-- \/.sc_promo_text --><\/div><!-- \/.sc_promo -->[\/vc_column][\/vc_row][vc_row css=\u00bb.vc_custom_1486218019684{padding-top: 7.2rem !important;padding-bottom: 1.2rem !important;}\u00bb el_class=\u00bbservices_1&#8243;][vc_column]<div class=\"sc_services sc_services_default\" data-slides-per-view=\"3\" data-slides-min-width=\"200\"\t\t>\n\t\t<h6 class=\"sc_item_subtitle sc_services_subtitle sc_align_left sc_item_title_style_default\">Upcoming Tours<\/h6><h3 class=\"sc_item_title sc_services_title sc_align_left sc_item_title_style_default sc_item_title_tag\">Find your destination<\/h3><div class=\"sc_services_columns sc_item_columns sc_item_columns_3 trx_addons_columns_wrap columns_padding_bottom\"><div class=\"trx_addons_column-1_3\"><div class=\"sc_services_item with_content with_image sc_services_item_featured_top\">\n\t<div class=\"post_featured with_thumb hover_dots sc_services_item_thumb\"><img loading=\"lazy\" decoding=\"async\" width=\"740\" height=\"402\" src=\"https:\/\/creditours.com\/wp-content\/uploads\/2016\/12\/Cancun-compressed-740x402.jpg\" class=\"attachment-unitravel-thumb-blogger size-unitravel-thumb-blogger wp-post-image\" alt=\"Canc\u00fan\" \/><div class=\"mask\"><\/div><a href=\"https:\/\/creditours.com\/index.php\/services\/colombia\/\" aria-hidden=\"true\" class=\"icons\"><span><\/span><span><\/span><span><\/span><\/a><\/div>\t\n\t<div class=\"sc_services_item_info\">\n\t\t<div class=\"sc_services_item_header\">\n\t\t\t<h4 class=\"sc_services_item_title\"><a href=\"https:\/\/creditours.com\/index.php\/services\/colombia\/\">Canc\u00fan<\/a><\/h4>\n\t\t\t<div class=\"sc_services_item_subtitle\"><\/div>\n\t\t<\/div>\n\t\t\t\t\t<div class=\"sc_services_item_content\"><p>Famoso por sus playas de arena blanca y aguas turquesas, Canc\u00fan es un para\u00edso para los amantes del sol y la diversi\u00f3n. Ofrece una vibrante vida nocturna, lujosos resorts y acceso a las impresionantes ruinas mayas de Tulum y Chich\u00e9n Itz\u00e1.<\/p>\n<\/div>\n\t\t\t<div class=\"sc_services_item_button sc_item_button\"><a href=\"https:\/\/creditours.com\/index.php\/services\/colombia\/\" class=\"sc_button\">Learn more<\/a><\/div>\n\t\t\t<\/div>\n<\/div>\n<\/div><div class=\"trx_addons_column-1_3\"><div class=\"sc_services_item with_content with_image sc_services_item_featured_top\">\n\t<div class=\"post_featured with_thumb hover_dots sc_services_item_thumb\"><img loading=\"lazy\" decoding=\"async\" width=\"740\" height=\"402\" src=\"https:\/\/creditours.com\/wp-content\/uploads\/2016\/12\/cabo-destination-guide-740x402.jpg\" class=\"attachment-unitravel-thumb-blogger size-unitravel-thumb-blogger wp-post-image\" alt=\"Los Cabos\" \/><div class=\"mask\"><\/div><a href=\"https:\/\/creditours.com\/index.php\/services\/argentina\/\" aria-hidden=\"true\" class=\"icons\"><span><\/span><span><\/span><span><\/span><\/a><\/div>\t\n\t<div class=\"sc_services_item_info\">\n\t\t<div class=\"sc_services_item_header\">\n\t\t\t<h4 class=\"sc_services_item_title\"><a href=\"https:\/\/creditours.com\/index.php\/services\/argentina\/\">Los Cabos<\/a><\/h4>\n\t\t\t<div class=\"sc_services_item_subtitle\"><\/div>\n\t\t<\/div>\n\t\t\t\t\t<div class=\"sc_services_item_content\"><p>Ubicado en la punta de la pen\u00ednsula de Baja California, Los Cabos es ideal para quienes buscan una mezcla de relajaci\u00f3n y aventura. Disfruta de sus hermosas playas, campos de golf y actividades como el avistamiento de ballenas.<\/p>\n<\/div>\n\t\t\t<div class=\"sc_services_item_button sc_item_button\"><a href=\"https:\/\/creditours.com\/index.php\/services\/argentina\/\" class=\"sc_button\">Learn more<\/a><\/div>\n\t\t\t<\/div>\n<\/div>\n<\/div><div class=\"trx_addons_column-1_3\"><div class=\"sc_services_item with_content with_image sc_services_item_featured_top\">\n\t<div class=\"post_featured with_thumb hover_dots sc_services_item_thumb\"><img loading=\"lazy\" decoding=\"async\" width=\"740\" height=\"402\" src=\"https:\/\/creditours.com\/wp-content\/uploads\/2016\/12\/Tulum-Ruins-7-740x402.jpg\" class=\"attachment-unitravel-thumb-blogger size-unitravel-thumb-blogger wp-post-image\" alt=\"Tulum\" \/><div class=\"mask\"><\/div><a href=\"https:\/\/creditours.com\/index.php\/services\/vietnam\/\" aria-hidden=\"true\" class=\"icons\"><span><\/span><span><\/span><span><\/span><\/a><\/div>\t\n\t<div class=\"sc_services_item_info\">\n\t\t<div class=\"sc_services_item_header\">\n\t\t\t<h4 class=\"sc_services_item_title\"><a href=\"https:\/\/creditours.com\/index.php\/services\/vietnam\/\">Tulum<\/a><\/h4>\n\t\t\t<div class=\"sc_services_item_subtitle\"><\/div>\n\t\t<\/div>\n\t\t\t\t\t<div class=\"sc_services_item_content\"><p>Conocido por sus impresionantes ruinas mayas frente al mar Caribe, Tulum es un destino ideal para quienes buscan un ambiente bohemio y relajado. Sus playas v\u00edrgenes y cenotes hacen de este lugar un para\u00edso natural.<\/p>\n<\/div>\n\t\t\t<div class=\"sc_services_item_button sc_item_button\"><a href=\"https:\/\/creditours.com\/index.php\/services\/vietnam\/\" class=\"sc_button\">Learn more<\/a><\/div>\n\t\t\t<\/div>\n<\/div>\n<\/div><\/div><\/div><!-- \/.sc_services -->[\/vc_column][\/vc_row][vc_row full_width=\u00bbstretch_row\u00bb css=\u00bb.vc_custom_1486222148690{padding-top: 7.2rem !important;padding-bottom: 7.25rem !important;background-image: url(https:\/\/creditours.com\/wp-content\/uploads\/2017\/01\/background-10.jpg?id=310) !important;background-position: center !important;background-repeat: no-repeat !important;background-size: cover !important;}\u00bb el_class=\u00bbteam_2&#8243;][vc_column][\/vc_column][\/vc_row][vc_row full_width=\u00bbstretch_row\u00bb css=\u00bb.vc_custom_1486287849356{padding-top: 7.2rem !important;padding-bottom: 10.2rem !important;background-image: url(https:\/\/creditours.com\/wp-content\/uploads\/2017\/01\/Instagram_bg.jpg?id=320) !important;background-position: center !important;background-repeat: no-repeat !important;background-size: cover !important;}\u00bb el_class=\u00bbinstagram_1&#8243;][vc_column]<div id=\"sc_title_569023793\"\n\t\tclass=\"sc_title sc_title_default\"><h6 class=\"sc_item_subtitle sc_title_subtitle sc_align_center sc_item_title_style_default\">Instagram<\/h6><h3 class=\"sc_item_title sc_title_title sc_align_center sc_item_title_style_default sc_item_title_tag\">@MachuPicchu<\/h3><\/div><!-- \/.sc_title -->[vc_empty_space alter_height=\u00bbsmall\u00bb hide_on_mobile=\u00bb\u00bb][vc_raw_html css=\u00bb\u00bb]JTVCaW5zdGFncmFtLWZlZWQlNUQ=[\/vc_raw_html][\/vc_column][\/vc_row][vc_row full_width=\u00bbstretch_row\u00bb css=\u00bb.vc_custom_1486290409159{padding-top: 5rem !important;padding-bottom: 4.6rem !important;background-image: url(https:\/\/creditours.com\/wp-content\/uploads\/2017\/01\/social.jpg?id=312) !important;background-position: center !important;background-repeat: no-repeat !important;background-size: cover !important;}\u00bb el_class=\u00bbsocials_1&#8243;][vc_column width=\u00bb1\/3&#8243;]<div  id=\"sc_socials_471931572\" \n\t\tclass=\"sc_socials sc_socials_default\"><div class=\"socials_wrap\"><span class=\"social_item social_item_with_caption\"><a href=\"https:\/\/www.facebook.com\/AncoraThemes\/\" target=\"_blank\" class=\"social_icons\"><span class=\"icon-facebook\"><\/span><span class=\"social_item_caption\">Like us on Facebook!<\/span> <\/a><\/span><\/div><!-- \/.socials_wrap --><\/div><!-- \/.sc_socials -->[\/vc_column][vc_column width=\u00bb1\/3&#8243;]<div  id=\"sc_socials_1887405607\" \n\t\tclass=\"sc_socials sc_socials_default\"><div class=\"socials_wrap\"><span class=\"social_item social_item_with_caption\"><a href=\"https:\/\/twitter.com\/themes_ancora\" target=\"_blank\" class=\"social_icons\"><span class=\"icon-twitter-1\"><\/span><span class=\"social_item_caption\">Follow us on Twitter<\/span> <\/a><\/span><\/div><!-- \/.socials_wrap --><\/div><!-- \/.sc_socials -->[\/vc_column][vc_column width=\u00bb1\/3&#8243;]<div  id=\"sc_socials_191610122\" \n\t\tclass=\"sc_socials sc_socials_default\"><div class=\"socials_wrap\"><span class=\"social_item social_item_with_caption\"><a href=\"https:\/\/www.youtube.com\/channel\/UCdIjRh7-lPVHqTTKpaf8PLA\" target=\"_blank\" class=\"social_icons\"><span class=\"icon-untitled-13\"><\/span><span class=\"social_item_caption\"> Watch us on Youtube<\/span> <\/a><\/span><\/div><!-- \/.socials_wrap --><\/div><!-- \/.sc_socials -->[\/vc_column][\/vc_row]<\/p>\n<\/div>","protected":false},"excerpt":{"rendered":"<p>[vc_row full_width=\u00bbstretch_row\u00bb css=\u00bb.vc_custom_1486209410379{padding-top: 8.45rem !important;padding-bottom: 3rem !important;background-image: url(https:\/\/creditours.com\/wp-content\/uploads\/2017\/01\/about_2_bg.png?id=464) !important;background-position: center !important;background-repeat: no-repeat !important;background-size: cover !important;}\u00bb el_class=\u00bbabout_2&#8243;][vc_column][\/vc_column][\/vc_row][vc_row css=\u00bb.vc_custom_1486218019684{padding-top: 7.2rem !important;padding-bottom: 1.2rem !important;}\u00bb el_class=\u00bbservices_1&#8243;][vc_column][\/vc_column][\/vc_row][vc_row full_width=\u00bbstretch_row\u00bb css=\u00bb.vc_custom_1486222148690{padding-top: 7.2rem !important;padding-bottom: 7.25rem !important;background-image: url(https:\/\/creditours.com\/wp-content\/uploads\/2017\/01\/background-10.jpg?id=310) !important;background-position:&hellip;<\/p>\n","protected":false},"author":1,"featured_media":0,"parent":0,"menu_order":0,"comment_status":"closed","ping_status":"closed","template":"","meta":{"footnotes":""},"class_list":["post-306","page","type-page","status-publish","hentry"],"yoast_head":"<!-- This site is optimized with the Yoast SEO plugin v23.6 - https:\/\/yoast.com\/wordpress\/plugins\/seo\/ -->\n<title>About - Creditours<\/title>\n<meta name=\"robots\" content=\"index, follow, max-snippet:-1, max-image-preview:large, max-video-preview:-1\" \/>\n<link rel=\"canonical\" href=\"https:\/\/creditours.com\/index.php\/about\/\" \/>\n<meta property=\"og:locale\" content=\"es_ES\" \/>\n<meta property=\"og:type\" content=\"article\" \/>\n<meta property=\"og:title\" content=\"About - Creditours\" \/>\n<meta property=\"og:description\" content=\"[vc_row full_width=\u00bbstretch_row\u00bb css=\u00bb.vc_custom_1486209410379{padding-top: 8.45rem !important;padding-bottom: 3rem !important;background-image: url(https:\/\/creditours.com\/wp-content\/uploads\/2017\/01\/about_2_bg.png?id=464) !important;background-position: center !important;background-repeat: no-repeat !important;background-size: cover !important;}\u00bb el_class=\u00bbabout_2&#8243;][vc_column][\/vc_column][\/vc_row][vc_row css=\u00bb.vc_custom_1486218019684{padding-top: 7.2rem !important;padding-bottom: 1.2rem !important;}\u00bb el_class=\u00bbservices_1&#8243;][vc_column][\/vc_column][\/vc_row][vc_row full_width=\u00bbstretch_row\u00bb css=\u00bb.vc_custom_1486222148690{padding-top: 7.2rem !important;padding-bottom: 7.25rem !important;background-image: url(https:\/\/creditours.com\/wp-content\/uploads\/2017\/01\/background-10.jpg?id=310) !important;background-position:&hellip;\" \/>\n<meta property=\"og:url\" content=\"https:\/\/creditours.com\/index.php\/about\/\" \/>\n<meta property=\"og:site_name\" content=\"Creditours\" \/>\n<meta property=\"article:modified_time\" content=\"2024-07-30T13:56:23+00:00\" \/>\n<meta name=\"twitter:card\" content=\"summary_large_image\" \/>\n<meta name=\"twitter:label1\" content=\"Tiempo de lectura\" \/>\n\t<meta name=\"twitter:data1\" content=\"3 minutos\" \/>\n<script type=\"application\/ld+json\" class=\"yoast-schema-graph\">{\"@context\":\"https:\/\/schema.org\",\"@graph\":[{\"@type\":\"WebPage\",\"@id\":\"https:\/\/creditours.com\/index.php\/about\/\",\"url\":\"https:\/\/creditours.com\/index.php\/about\/\",\"name\":\"About - Creditours\",\"isPartOf\":{\"@id\":\"https:\/\/creditours.com\/#website\"},\"datePublished\":\"2017-01-05T14:18:52+00:00\",\"dateModified\":\"2024-07-30T13:56:23+00:00\",\"breadcrumb\":{\"@id\":\"https:\/\/creditours.com\/index.php\/about\/#breadcrumb\"},\"inLanguage\":\"es\",\"potentialAction\":[{\"@type\":\"ReadAction\",\"target\":[\"https:\/\/creditours.com\/index.php\/about\/\"]}]},{\"@type\":\"BreadcrumbList\",\"@id\":\"https:\/\/creditours.com\/index.php\/about\/#breadcrumb\",\"itemListElement\":[{\"@type\":\"ListItem\",\"position\":1,\"name\":\"Portada\",\"item\":\"https:\/\/creditours.com\/\"},{\"@type\":\"ListItem\",\"position\":2,\"name\":\"About\"}]},{\"@type\":\"WebSite\",\"@id\":\"https:\/\/creditours.com\/#website\",\"url\":\"https:\/\/creditours.com\/\",\"name\":\"Creditours\",\"description\":\"Cualquiera puede viajar\",\"potentialAction\":[{\"@type\":\"SearchAction\",\"target\":{\"@type\":\"EntryPoint\",\"urlTemplate\":\"https:\/\/creditours.com\/?s={search_term_string}\"},\"query-input\":{\"@type\":\"PropertyValueSpecification\",\"valueRequired\":true,\"valueName\":\"search_term_string\"}}],\"inLanguage\":\"es\"}]}<\/script>\n<!-- \/ Yoast SEO plugin. -->","yoast_head_json":{"title":"About - Creditours","robots":{"index":"index","follow":"follow","max-snippet":"max-snippet:-1","max-image-preview":"max-image-preview:large","max-video-preview":"max-video-preview:-1"},"canonical":"https:\/\/creditours.com\/index.php\/about\/","og_locale":"es_ES","og_type":"article","og_title":"About - Creditours","og_description":"[vc_row full_width=\u00bbstretch_row\u00bb css=\u00bb.vc_custom_1486209410379{padding-top: 8.45rem !important;padding-bottom: 3rem !important;background-image: url(https:\/\/creditours.com\/wp-content\/uploads\/2017\/01\/about_2_bg.png?id=464) !important;background-position: center !important;background-repeat: no-repeat !important;background-size: cover !important;}\u00bb el_class=\u00bbabout_2&#8243;][vc_column][\/vc_column][\/vc_row][vc_row css=\u00bb.vc_custom_1486218019684{padding-top: 7.2rem !important;padding-bottom: 1.2rem !important;}\u00bb el_class=\u00bbservices_1&#8243;][vc_column][\/vc_column][\/vc_row][vc_row full_width=\u00bbstretch_row\u00bb css=\u00bb.vc_custom_1486222148690{padding-top: 7.2rem !important;padding-bottom: 7.25rem !important;background-image: url(https:\/\/creditours.com\/wp-content\/uploads\/2017\/01\/background-10.jpg?id=310) !important;background-position:&hellip;","og_url":"https:\/\/creditours.com\/index.php\/about\/","og_site_name":"Creditours","article_modified_time":"2024-07-30T13:56:23+00:00","twitter_card":"summary_large_image","twitter_misc":{"Tiempo de lectura":"3 minutos"},"schema":{"@context":"https:\/\/schema.org","@graph":[{"@type":"WebPage","@id":"https:\/\/creditours.com\/index.php\/about\/","url":"https:\/\/creditours.com\/index.php\/about\/","name":"About - Creditours","isPartOf":{"@id":"https:\/\/creditours.com\/#website"},"datePublished":"2017-01-05T14:18:52+00:00","dateModified":"2024-07-30T13:56:23+00:00","breadcrumb":{"@id":"https:\/\/creditours.com\/index.php\/about\/#breadcrumb"},"inLanguage":"es","potentialAction":[{"@type":"ReadAction","target":["https:\/\/creditours.com\/index.php\/about\/"]}]},{"@type":"BreadcrumbList","@id":"https:\/\/creditours.com\/index.php\/about\/#breadcrumb","itemListElement":[{"@type":"ListItem","position":1,"name":"Portada","item":"https:\/\/creditours.com\/"},{"@type":"ListItem","position":2,"name":"About"}]},{"@type":"WebSite","@id":"https:\/\/creditours.com\/#website","url":"https:\/\/creditours.com\/","name":"Creditours","description":"Cualquiera puede viajar","potentialAction":[{"@type":"SearchAction","target":{"@type":"EntryPoint","urlTemplate":"https:\/\/creditours.com\/?s={search_term_string}"},"query-input":{"@type":"PropertyValueSpecification","valueRequired":true,"valueName":"search_term_string"}}],"inLanguage":"es"}]}},"_links":{"self":[{"href":"https:\/\/creditours.com\/index.php\/wp-json\/wp\/v2\/pages\/306","targetHints":{"allow":["GET"]}}],"collection":[{"href":"https:\/\/creditours.com\/index.php\/wp-json\/wp\/v2\/pages"}],"about":[{"href":"https:\/\/creditours.com\/index.php\/wp-json\/wp\/v2\/types\/page"}],"author":[{"embeddable":true,"href":"https:\/\/creditours.com\/index.php\/wp-json\/wp\/v2\/users\/1"}],"replies":[{"embeddable":true,"href":"https:\/\/creditours.com\/index.php\/wp-json\/wp\/v2\/comments?post=306"}],"version-history":[{"count":0,"href":"https:\/\/creditours.com\/index.php\/wp-json\/wp\/v2\/pages\/306\/revisions"}],"wp:attachment":[{"href":"https:\/\/creditours.com\/index.php\/wp-json\/wp\/v2\/media?parent=306"}],"curies":[{"name":"wp","href":"https:\/\/api.w.org\/{rel}","templated":true}]}}